{"id":46,"date":"2014-07-23T09:10:46","date_gmt":"2014-07-23T09:10:46","guid":{"rendered":"https:\/\/www.dukom-plin.hr\/_plin\/?page_id=46"},"modified":"2022-05-08T19:51:54","modified_gmt":"2022-05-08T18:51:54","slug":"sponzorstvo","status":"publish","type":"page","link":"https:\/\/www.dukom-plin.hr\/_plin\/o-nama\/sponzorstvo\/","title":{"rendered":"Sponzorstvo"},"content":{"rendered":"<p>Svi te\u017eimo za uspjehom i rezultatima, kao i napretku. Tako smo i mi prepoznali potencijale, te im dajemo podr\u0161ku za to. Neki od njih su: <\/p>\n<h6><font color=\"gray\">Mu\u0161ki rukometni klub &#8220;DUGO SELO&#8221;<\/font><\/h6>\n<h6><font color=\"gray\">Kamo na izlet d.o.o.<\/font><\/h6>\n","protected":false},"excerpt":{"rendered":"<p>Svi te\u017eimo za uspjehom i rezultatima, kao i napretku. Tako smo i mi prepoznali potencijale, te im dajemo podr\u0161ku za to. Neki od njih su: Mu\u0161ki rukometni klub &#8220;DUGO SELO&#8221; Kamo na izlet d.o.o.<\/p>\n","protected":false},"author":1,"featured_media":0,"parent":13,"menu_order":3,"comment_status":"closed","ping_status":"closed","template":"","meta":{"footnotes":""},"class_list":["post-46","page","type-page","status-publish","hentry"],"_links":{"self":[{"href":"https:\/\/www.dukom-plin.hr\/_plin\/wp-json\/wp\/v2\/pages\/46","targetHints":{"allow":["GET"]}}],"collection":[{"href":"https:\/\/www.dukom-plin.hr\/_plin\/wp-json\/wp\/v2\/pages"}],"about":[{"href":"https:\/\/www.dukom-plin.hr\/_plin\/wp-json\/wp\/v2\/types\/page"}],"author":[{"embeddable":true,"href":"https:\/\/www.dukom-plin.hr\/_plin\/wp-json\/wp\/v2\/users\/1"}],"replies":[{"embeddable":true,"href":"https:\/\/www.dukom-plin.hr\/_plin\/wp-json\/wp\/v2\/comments?post=46"}],"version-history":[{"count":5,"href":"https:\/\/www.dukom-plin.hr\/_plin\/wp-json\/wp\/v2\/pages\/46\/revisions"}],"predecessor-version":[{"id":50,"href":"https:\/\/www.dukom-plin.hr\/_plin\/wp-json\/wp\/v2\/pages\/46\/revisions\/50"}],"up":[{"embeddable":true,"href":"https:\/\/www.dukom-plin.hr\/_plin\/wp-json\/wp\/v2\/pages\/13"}],"wp:attachment":[{"href":"https:\/\/www.dukom-plin.hr\/_plin\/wp-json\/wp\/v2\/media?parent=46"}],"curies":[{"name":"wp","href":"https:\/\/api.w.org\/{rel}","templated":true}]}}