{"id":5109,"date":"2020-10-27T11:25:10","date_gmt":"2020-10-27T10:25:10","guid":{"rendered":"https:\/\/www.dukom-plin.hr\/_plin\/?page_id=5109"},"modified":"2025-10-27T11:13:00","modified_gmt":"2025-10-27T10:13:00","slug":"dokumenti-i-izvjesca","status":"publish","type":"page","link":"https:\/\/www.dukom-plin.hr\/_plin\/dokumenti-i-izvjesca\/","title":{"rendered":"Dokumenti i izvje\u0161\u0107a"},"content":{"rendered":"<p>DOKUMENTI VEZANI UZ OPSKRBU PLINOM<\/p>\n<p><a href=\"https:\/\/www.dukom-plin.hr\/_plin\/wp-content\/uploads\/2024\/10\/Tipski_ugovor_o_opskrbi_plinom_OJU_2024_FINAL.pdf\" target=\"_blank\" rel=\"noopener\">Tipski ugovor o opskrbi plinom u obvezi javne usluge 2024.<\/a><\/p>\n<p><a href=\"https:\/\/www.dukom-plin.hr\/_plin\/wp-content\/uploads\/2024\/10\/Uvjeti_Ugovora_opskrbljivaca_plinom_OJU_2024_FINAL.pdf\" target=\"_blank\" rel=\"noopener\">Uvjeti ugovora opskrbe plinom u obvezi javne usluge 2024.<\/a><\/p>\n<p><a href=\"https:\/\/www.dukom-plin.hr\/_plin\/wp-content\/uploads\/2024\/03\/Ugovorni_uvjeti_kucanstvo_2023.pdf\" target=\"_blank\" rel=\"noopener\">Ugovorni uvjeti opskrbe plinom kategorije ku\u0107anstvo 2023.<\/a><\/p>\n<p><a title=\"Zahtjev za raskid ugovora o opskrbi plinom\" href=\"https:\/\/www.dukom-plin.hr\/_plin\/wp-content\/uploads\/2020\/10\/zahtjev_za_raskid_ugovora_o_opskrbi.pdf\" target=\"_blank\" rel=\"noopener\">Zahtjev za raskid ugovora o opskrbi plinom<\/a><\/p>\n<p><a title=\"Poveznica za preuzimanje obrasca zahtjeva za promjenu opskrbljiva\u010da plina\" href=\"https:\/\/www.hrote.hr\/promjena-opskrbljivaca-301\" target=\"_blank\" rel=\"noopener\">Poveznica za preuzimanje obrasca zahtjeva za promjenu opskrbljiva\u010da plina<\/a><\/p>\n<p><a title=\"Uvjeti ugovora o opskrbi plinom kategorije poduzetni\u0161tvo 2024\" href=\"https:\/\/www.dukom-plin.hr\/_plin\/wp-content\/uploads\/2024\/09\/OPS-1-Uvjeti_ugovora_o_opskrbi_poduzetnistvo_2024.pdf\" target=\"_blank\" rel=\"noopener\">Uvjeti ugovora o opskrbi plinom kategorije poduzetni\u0161tvo<\/a><\/p>\n<p>&nbsp;<\/p>\n<hr \/>\n<p>DOKUMENTI VEZANI UZ DISTRIBUCIJU<\/p>\n<p><a href=\"https:\/\/www.dukom-plin.hr\/_plin\/wp-content\/uploads\/2024\/09\/DIS-2-Tipski_ugovor_o_distribuciji_2024.pdf\" target=\"_blank\" rel=\"noopener\">Tipski ugovor o distribuciji 2024<\/a><\/p>\n<p><a href=\"https:\/\/www.dukom-plin.hr\/_plin\/wp-content\/uploads\/2021\/10\/Pravilnik_uvjeti_izdavanja_ovlastenja_plinske_instalacije_2021.pdf\" target=\"_blank\" rel=\"noopener\">Pravilnik o uvjetima izdavanja ovla\u0161tenja izvo\u0111a\u010dima &#8211; plinske instalacije 2021<\/a><\/p>\n<p><a href=\"https:\/\/www.dukom-plin.hr\/_plin\/wp-content\/uploads\/2021\/10\/ZAHTJEV_ZA_IZDAVANJE_OVLASTENJA_2021.pdf\" target=\"_blank\" rel=\"noopener\">Zahtjev za izdavanje ovla\u0161tenja za izvo\u0111enje &#8211; plinske instalacije 2021<\/a><\/p>\n<p><a href=\"https:\/\/www.dukom-plin.hr\/_plin\/wp-content\/uploads\/2025\/10\/Popis_ovlastenih_izvodaca_plinskih_instalacija-1.0-22.10.2025.pdf\" target=\"_blank\" rel=\"noopener\">Popis ovla\u0161tenih izvo\u0111a\u010da plinskih instalacija 22.10.2025<\/a><\/p>\n<p><a href=\"https:\/\/www.dukom-plin.hr\/_plin\/wp-content\/uploads\/2025\/10\/Popis_ovlastenih_ispitivaca_plinskih_instalacija-1.0-22.10.2025.pdf\" target=\"_blank\" rel=\"noopener\">Popis ovla\u0161tenih ispitiva\u010da plinskih instalacija 22.10.2025<\/a><\/p>\n<p><a href=\"https:\/\/www.dukom-plin.hr\/_plin\/wp-content\/uploads\/2021\/09\/Uvjeti_izdavanja_ovlastenja_za_gradenje_2021.pdf\" target=\"_blank\" rel=\"noopener\">Pravilnik o uvjetima izdavanja ovla\u0161tenja izvo\u0111a\u010dima &#8211; priklju\u010dci 2021<\/a><\/p>\n<p><a href=\"https:\/\/www.dukom-plin.hr\/_plin\/wp-content\/uploads\/2021\/11\/PRILOG_pravilnik_o_uvjetima_izdavanja_ovlastenja_prikljucci_2021.pdf\" target=\"_blank\" rel=\"noopener\">Prilog ! uz Pravilnik o uvjetima izdavanja ovla\u0161tenja izvo\u0111a\u010dima &#8211; priklju\u010dci 2021<\/a><\/p>\n<p>&nbsp;<\/p>\n<hr \/>\n<p>IZVJE\u0160\u0106A O POSLOVANJU<\/p>\n<p><a href=\"https:\/\/www.dukom-plin.hr\/_plin\/wp-content\/uploads\/2025\/03\/Godisnje_izvjesce_o_kvaliteti_opskrbe_plinom_2024.pdf\" target=\"_blank\" rel=\"noopener\">Godi\u0161nje izvje\u0161\u0107e o kvaliteti opskrbe prirodnim plinom za 2024<\/a><\/p>\n<p><a href=\"https:\/\/www.dukom-plin.hr\/_plin\/wp-content\/uploads\/2024\/02\/Godisnje_izvjesce_o_kvaliteti_opskrbe_plinom_2023.pdf\" target=\"_blank\" rel=\"noopener\">Godi\u0161nje izvje\u0161\u0107e o kvaliteti opskrbe prirodnim plinom za 2023<\/a><\/p>\n<p><a href=\"https:\/\/www.dukom-plin.hr\/_plin\/wp-content\/uploads\/2023\/03\/Godisnje_izvjesce_o_kvaliteti_opskrbe_plinom_2022.pdf\" target=\"_blank\" rel=\"noopener\">Godi\u0161nje izvje\u0161\u0107e o kvaliteti opskrbe prirodnim plinom za 2022<\/a><\/p>\n<p><a href=\"https:\/\/www.dukom-plin.hr\/_plin\/wp-content\/uploads\/2022\/02\/Godisnje_izvjesce_o_kvaliteti_opskrbe_plinom_2021.pdf\">Godi\u0161nje izvje\u0161\u0107e o kvaliteti opskrbe prirodnim plinom za 2021<\/a><\/p>\n<p><a href=\"https:\/\/www.dukom-plin.hr\/_plin\/wp-content\/uploads\/2021\/03\/Godisnje_izvjesce_o_kvaliteti_opskrbe_plinom_2020.pdf\">Godi\u0161nje izvje\u0161\u0107e o kvaliteti opskrbe prirodnim plinom za 2020<\/a><\/p>\n<p><a href=\"https:\/\/www.dukom-plin.hr\/_plin\/wp-content\/uploads\/2020\/10\/Godisnje_izvjesce_o_kvaliteti_opskrbe_plinom_2019.pdf\">Godi\u0161nje izvje\u0161\u0107e o kvaliteti opskrbe prirodnim plinom za 2019<\/a><\/p>\n<p><a href=\"https:\/\/www.dukom-plin.hr\/_plin\/wp-content\/uploads\/2022\/02\/RGFI_2020.pdf\">Godi\u0161nji financijski izvje\u0161taj za 2020<\/a><\/p>\n<p>Cijelokupna dokumentacija financijskih izvje\u0161\u0107a, sukladno zakonskoj obvezi, javno je objavljena i na stranicama FINA-e:<br \/>\n<a href=\"http:\/\/rgfi.fina.hr\/IzvjestajiRGFI.web\/main\/home.jsp\">FINA RGFI elektroni\u010dka knji\u017enica hrvatskog gospodarstva<\/a><\/p>\n","protected":false},"excerpt":{"rendered":"<p>DOKUMENTI VEZANI UZ OPSKRBU PLINOM Tipski ugovor o opskrbi plinom u obvezi javne usluge 2024. Uvjeti ugovora opskrbe plinom u obvezi javne usluge 2024. Ugovorni uvjeti opskrbe plinom kategorije ku\u0107anstvo 2023. Zahtjev za raskid ugovora o opskrbi plinom Poveznica za preuzimanje obrasca zahtjeva za promjenu opskrbljiva\u010da plina Uvjeti ugovora o opskrbi plinom kategorije poduzetni\u0161tvo &nbsp; [&hellip;]<\/p>\n","protected":false},"author":1,"featured_media":0,"parent":0,"menu_order":2,"comment_status":"closed","ping_status":"closed","template":"","meta":{"footnotes":""},"class_list":["post-5109","page","type-page","status-publish","hentry"],"_links":{"self":[{"href":"https:\/\/www.dukom-plin.hr\/_plin\/wp-json\/wp\/v2\/pages\/5109","targetHints":{"allow":["GET"]}}],"collection":[{"href":"https:\/\/www.dukom-plin.hr\/_plin\/wp-json\/wp\/v2\/pages"}],"about":[{"href":"https:\/\/www.dukom-plin.hr\/_plin\/wp-json\/wp\/v2\/types\/page"}],"author":[{"embeddable":true,"href":"https:\/\/www.dukom-plin.hr\/_plin\/wp-json\/wp\/v2\/users\/1"}],"replies":[{"embeddable":true,"href":"https:\/\/www.dukom-plin.hr\/_plin\/wp-json\/wp\/v2\/comments?post=5109"}],"version-history":[{"count":36,"href":"https:\/\/www.dukom-plin.hr\/_plin\/wp-json\/wp\/v2\/pages\/5109\/revisions"}],"predecessor-version":[{"id":10528,"href":"https:\/\/www.dukom-plin.hr\/_plin\/wp-json\/wp\/v2\/pages\/5109\/revisions\/10528"}],"wp:attachment":[{"href":"https:\/\/www.dukom-plin.hr\/_plin\/wp-json\/wp\/v2\/media?parent=5109"}],"curies":[{"name":"wp","href":"https:\/\/api.w.org\/{rel}","templated":true}]}}